{"id":34,"date":"2026-01-25T20:33:08","date_gmt":"2026-01-25T20:33:08","guid":{"rendered":"https:\/\/navegantetv.com\/?page_id=34"},"modified":"2026-01-25T21:43:37","modified_gmt":"2026-01-25T21:43:37","slug":"inicio","status":"publish","type":"page","link":"https:\/\/navegantetv.com\/","title":{"rendered":"Inicio"},"content":{"rendered":"\t\t<div data-elementor-type=\"wp-post\" data-elementor-id=\"34\" class=\"elementor elementor-34\">\n\t\t\t\t<div class=\"elementor-element elementor-element-c022180 e-flex e-con-boxed e-con e-parent\" data-id=\"c022180\" data-element_type=\"container\">\n\t\t\t\t\t<div class=\"e-con-inner\">\n\t\t\t\t<div class=\"elementor-element elementor-element-0fcb30f elementor-widget elementor-widget-video\" data-id=\"0fcb30f\" data-element_type=\"widget\" data-settings=\"{&quot;youtube_url&quot;:&quot;https:\\\/\\\/www.youtube.com\\\/watch?v=IPdFHP1iszo&quot;,&quot;autoplay&quot;:&quot;yes&quot;,&quot;play_on_mobile&quot;:&quot;yes&quot;,&quot;video_type&quot;:&quot;youtube&quot;,&quot;controls&quot;:&quot;yes&quot;}\" data-widget_type=\"video.default\">\n\t\t\t\t\t\t\t<div class=\"elementor-wrapper elementor-open-inline\">\n\t\t\t<div class=\"elementor-video\"><\/div>\t\t<\/div>\n\t\t\t\t\t\t<\/div>\n\t\t\t\t<div class=\"elementor-element elementor-element-7980ca6 elementor-widget elementor-widget-spacer\" data-id=\"7980ca6\" data-element_type=\"widget\" data-widget_type=\"spacer.default\">\n\t\t\t\t\t\t\t<div class=\"elementor-spacer\">\n\t\t\t<div class=\"elementor-spacer-inner\"><\/div>\n\t\t<\/div>\n\t\t\t\t\t\t<\/div>\n\t\t\t\t\t<\/div>\n\t\t\t\t<\/div>\n\t\t<div class=\"elementor-element elementor-element-40fcf9b e-flex e-con-boxed e-con e-parent\" data-id=\"40fcf9b\" data-element_type=\"container\">\n\t\t\t\t\t<div class=\"e-con-inner\">\n\t\t\t\t<div class=\"elementor-element elementor-element-488ca9f elementor-align-justify elementor-widget__width-initial elementor-mobile-align-justify elementor-widget-tablet__width-initial elementor-invisible elementor-widget elementor-widget-button\" data-id=\"488ca9f\" data-element_type=\"widget\" data-settings=\"{&quot;_animation&quot;:&quot;bounceIn&quot;}\" data-widget_type=\"button.default\">\n\t\t\t\t\t\t\t\t\t\t<a class=\"elementor-button elementor-button-link elementor-size-sm\" href=\"https:\/\/form.jotform.com\/260234591237859\">\n\t\t\t\t\t\t<span class=\"elementor-button-content-wrapper\">\n\t\t\t\t\t\t\t\t\t<span class=\"elementor-button-text\">INSCRIPCI\u00d3N TORNEO DE PESCA GAMBOA 2026<\/span>\n\t\t\t\t\t<\/span>\n\t\t\t\t\t<\/a>\n\t\t\t\t\t\t\t\t<\/div>\n\t\t\t\t<div class=\"elementor-element elementor-element-f8f62a0 elementor-widget elementor-widget-spacer\" data-id=\"f8f62a0\" data-element_type=\"widget\" data-widget_type=\"spacer.default\">\n\t\t\t\t\t\t\t<div class=\"elementor-spacer\">\n\t\t\t<div class=\"elementor-spacer-inner\"><\/div>\n\t\t<\/div>\n\t\t\t\t\t\t<\/div>\n\t\t\t\t\t<\/div>\n\t\t\t\t<\/div>\n\t\t<div class=\"elementor-element elementor-element-7eb05f7 e-flex e-con-boxed e-con e-parent\" data-id=\"7eb05f7\" data-element_type=\"container\">\n\t\t\t\t\t<div class=\"e-con-inner\">\n\t\t<div class=\"elementor-element elementor-element-2291c9d e-con-full e-flex e-con e-child\" data-id=\"2291c9d\" data-element_type=\"container\">\n\t\t\t\t<div class=\"elementor-element elementor-element-544b614 elementor-widget__width-initial elementor-widget elementor-widget-image\" data-id=\"544b614\" data-element_type=\"widget\" data-widget_type=\"image.default\">\n\t\t\t\t\t\t\t\t\t\t\t\t\t\t\t\t<a href=\"https:\/\/form.jotform.com\/260234591237859\">\n\t\t\t\t\t\t\t<img fetchpriority=\"high\" decoding=\"async\" width=\"576\" height=\"1024\" src=\"https:\/\/navegantetv.com\/wp-content\/uploads\/2026\/01\/WhatsApp-Image-2026-01-24-at-10.50.52-AM-1-1-576x1024.jpeg\" class=\"attachment-large size-large wp-image-38\" alt=\"\" srcset=\"http:\/\/navegantetv.com\/wp-content\/uploads\/2026\/01\/WhatsApp-Image-2026-01-24-at-10.50.52-AM-1-1-576x1024.jpeg 576w, http:\/\/navegantetv.com\/wp-content\/uploads\/2026\/01\/WhatsApp-Image-2026-01-24-at-10.50.52-AM-1-1-169x300.jpeg 169w, http:\/\/navegantetv.com\/wp-content\/uploads\/2026\/01\/WhatsApp-Image-2026-01-24-at-10.50.52-AM-1-1-768x1365.jpeg 768w, http:\/\/navegantetv.com\/wp-content\/uploads\/2026\/01\/WhatsApp-Image-2026-01-24-at-10.50.52-AM-1-1-864x1536.jpeg 864w, http:\/\/navegantetv.com\/wp-content\/uploads\/2026\/01\/WhatsApp-Image-2026-01-24-at-10.50.52-AM-1-1.jpeg 900w\" sizes=\"(max-width: 576px) 100vw, 576px\" \/>\t\t\t\t\t\t\t\t<\/a>\n\t\t\t\t\t\t\t\t\t\t\t\t\t\t\t<\/div>\n\t\t\t\t<\/div>\n\t\t<div class=\"elementor-element elementor-element-d22701f e-con-full e-flex e-con e-child\" data-id=\"d22701f\" data-element_type=\"container\">\n\t\t\t\t<div class=\"elementor-element elementor-element-d659448 elementor-widget__width-initial elementor-widget elementor-widget-heading\" data-id=\"d659448\" data-element_type=\"widget\" data-widget_type=\"heading.default\">\n\t\t\t\t\t<h2 class=\"elementor-heading-title elementor-size-default\">Torneo de Pesca Navegante TV Hotel Gamboa 2026<\/h2>\t\t\t\t<\/div>\n\t\t\t\t<div class=\"elementor-element elementor-element-9a9af7f elementor-widget__width-initial elementor-widget elementor-widget-text-editor\" data-id=\"9a9af7f\" data-element_type=\"widget\" data-widget_type=\"text-editor.default\">\n\t\t\t\t\t\t\t\t\t<p data-start=\"170\" data-end=\"260\"><strong data-start=\"170\" data-end=\"260\">Vive la emoci\u00f3n de la pesca deportiva en uno de los escenarios m\u00e1s ic\u00f3nicos de Panam\u00e1.<\/strong><\/p><p data-start=\"262\" data-end=\"534\">El <strong>Torneo de Pesca Navegante TV Hotel Gamboa 2026<\/strong> re\u00fane a los mejores equipos en una jornada llena de adrenalina, estrategia y pasi\u00f3n por el agua. Una competencia que celebra la pesca deportiva responsable, el compa\u00f1erismo y el esp\u00edritu competitivo, en el entorno natural \u00fanico de Gamboa.<\/p><p data-start=\"536\" data-end=\"656\">Consulta las categor\u00edas, premios y detalles en el flyer oficial e inscr\u00edbete para ser parte de esta gran experiencia.<\/p>\t\t\t\t\t\t\t\t<\/div>\n\t\t\t\t<\/div>\n\t\t\t\t\t<\/div>\n\t\t\t\t<\/div>\n\t\t\t\t<\/div>\n\t\t","protected":false},"excerpt":{"rendered":"<p>INSCRIPCI\u00d3N TORNEO DE PESCA GAMBOA 2026 Torneo de Pesca Navegante TV Hotel Gamboa 2026 Vive la emoci\u00f3n de la pesca deportiva en uno de los escenarios m\u00e1s ic\u00f3nicos de Panam\u00e1. El Torneo de Pesca Navegante TV Hotel Gamboa 2026 re\u00fane a los mejores equipos en una jornada llena de adrenalina, estrategia y pasi\u00f3n por el [&hellip;]<\/p>\n","protected":false},"author":1,"featured_media":0,"parent":0,"menu_order":0,"comment_status":"closed","ping_status":"closed","template":"","meta":{"footnotes":""},"class_list":["post-34","page","type-page","status-publish","hentry"],"_links":{"self":[{"href":"https:\/\/navegantetv.com\/index.php?rest_route=\/wp\/v2\/pages\/34","targetHints":{"allow":["GET"]}}],"collection":[{"href":"https:\/\/navegantetv.com\/index.php?rest_route=\/wp\/v2\/pages"}],"about":[{"href":"https:\/\/navegantetv.com\/index.php?rest_route=\/wp\/v2\/types\/page"}],"author":[{"embeddable":true,"href":"https:\/\/navegantetv.com\/index.php?rest_route=\/wp\/v2\/users\/1"}],"replies":[{"embeddable":true,"href":"https:\/\/navegantetv.com\/index.php?rest_route=%2Fwp%2Fv2%2Fcomments&post=34"}],"version-history":[{"count":23,"href":"https:\/\/navegantetv.com\/index.php?rest_route=\/wp\/v2\/pages\/34\/revisions"}],"predecessor-version":[{"id":170,"href":"https:\/\/navegantetv.com\/index.php?rest_route=\/wp\/v2\/pages\/34\/revisions\/170"}],"wp:attachment":[{"href":"https:\/\/navegantetv.com\/index.php?rest_route=%2Fwp%2Fv2%2Fmedia&parent=34"}],"curies":[{"name":"wp","href":"https:\/\/api.w.org\/{rel}","templated":true}]}}